{"id":1390,"date":"2026-02-04T02:33:33","date_gmt":"2026-02-04T02:33:33","guid":{"rendered":"https:\/\/www.shijievt.com\/?post_type=product&#038;p=1390"},"modified":"2026-02-04T05:26:03","modified_gmt":"2026-02-04T05:26:03","slug":"stainless-steel-vertical-storage-tank-standard-compliant-installation-global-applications","status":"publish","type":"product","link":"https:\/\/www.shijievt.com\/de\/produkt\/stainless-steel-vertical-storage-tank-standard-compliant-installation-global-applications\/","title":{"rendered":"Vertikaler Lagertank aus Edelstahl | Standardkonforme Installation und globale Anwendungen"},"content":{"rendered":"<div>Vertikale Lagertanks aus Edelstahl sind dank ihrer ausgezeichneten Korrosionsbest\u00e4ndigkeit, ihrer strukturellen Stabilit\u00e4t und ihrer Dichtungssicherheit zu den wichtigsten Ausr\u00fcstungen f\u00fcr die Lagerung von Fl\u00fcssigkeiten, Schl\u00e4mmen und aseptischen Medien in globalen Industriesektoren geworden. Die Leistungsf\u00e4higkeit dieser Tanks h\u00e4ngt nicht nur von den Produktionstechniken ab, sondern auch von den standardisierten Installationsverfahren, der strikten Einhaltung internationaler Normen und der pr\u00e4zisen Anpassungsf\u00e4higkeit an verschiedene Anwendungsszenarien, die den Kunden von der Projektumsetzung bis zum langfristigen Betrieb und zur Wartung zuverl\u00e4ssig unterst\u00fctzen.<\/div>\n<div><\/div>\n<div>Ein standardisierter Installationsprozess ist f\u00fcr den stabilen Betrieb von vertikalen Lagertanks aus Edelstahl von entscheidender Bedeutung, und der gesamte Arbeitsablauf folgt standardisierten Betriebsverfahren, um die Effizienz der Konstruktion und die Qualit\u00e4t des Projekts in Einklang zu bringen. In der Bauvorbereitungsphase werden vor Ort Untersuchungen durchgef\u00fchrt, um die geologischen Bedingungen und die Anforderungen an die Tragf\u00e4higkeit zu pr\u00fcfen. Anschlie\u00dfend werden Betonfundamente gegossen, nivelliert und ausgeh\u00e4rtet, die den Konstruktionsspezifikationen entsprechen, um eine gleichm\u00e4\u00dfige Lastverteilung zu gew\u00e4hrleisten und das Risiko von Setzungen des Fundaments auszuschlie\u00dfen.<\/div>\n<div><\/div>\n<div>Als N\u00e4chstes folgt die Montage des Tanks vor Ort. Die werkseitig vorgefertigten Edelstahlkomponenten werden pr\u00e4zise gewalzt, ausgerichtet und positioniert, und die Verbindung von Tankk\u00f6rper, -dach und -boden erfolgt mit auf das Grundmaterial abgestimmten Schwei\u00dfverfahren. Nach Abschluss der Schwei\u00dfarbeiten werden die Schwei\u00dfn\u00e4hte geschliffen und einer zerst\u00f6rungsfreien Pr\u00fcfung unterzogen, um m\u00f6gliche Fehler wie Porosit\u00e4ten und Risse zu erkennen. Anschlie\u00dfend werden die Zubeh\u00f6rteile wie Mannl\u00f6cher, F\u00fcllstandsanzeiger, Zu- und Abflussleitungen, Sicherheitsventile und Isolierschichten eingebaut. Nach der vollst\u00e4ndigen Montage wird der Tank nacheinander einer hydrostatischen Pr\u00fcfung, einer Luftdichtheitspr\u00fcfung und einer Tankpassivierung unterzogen. Erst wenn alle Pr\u00fcfungen bestanden sind, erfolgt die Reinigung der Baustelle und die \u00dcbergabe des Projekts, so dass der Tank sofort und sicher in Betrieb genommen werden kann.<\/div>\n<div><\/div>\n<div>Unsere vertikalen Lagertanks aus Edelstahl entsprechen den wichtigsten internationalen Industriestandards und erf\u00fcllen die Anforderungen des Marktzugangs und der Technik in den verschiedenen Regionen der Welt. Tanks f\u00fcr die petrochemische und industrielle Lagerung entsprechen streng den <strong>API 650<\/strong> Standard for Welded Steel Tanks for Oil Storage (American Petroleum Institute) und die <strong>ASME<\/strong> Kessel- und Druckbeh\u00e4lter-Code. Projekte auf den europ\u00e4ischen M\u00e4rkten entsprechen dem <strong>EN 14015<\/strong> Norm f\u00fcr stehende Flachbodentanks und die EU <strong>PED<\/strong> Druckger\u00e4te-Richtlinie. Hygienetanks f\u00fcr Lebensmittel und pharmazeutische Anwendungen erf\u00fcllen <strong>FDA<\/strong> Normen f\u00fcr den Kontakt mit Lebensmitteln und <strong>EU 1935\/2004<\/strong> Vorschriften \u00fcber Materialien und Gegenst\u00e4nde, die f\u00fcr den Kontakt mit Lebensmitteln bestimmt sind.<\/div>\n<div><\/div>\n<div>Von der Auswahl des Rohmaterials \u00fcber die Herstellung und Installation vor Ort bis hin zur Abnahme des fertigen Produkts entspricht die gesamte Kette den entsprechenden internationalen Normen. Wir k\u00f6nnen Inspektionsberichte von Dritten, Materialzertifikate und Konformit\u00e4tsdokumente bereitstellen, die Ausschreibungsverfahren und die Zollabfertigung f\u00fcr technische Projekte in \u00dcbersee umfassend unterst\u00fctzen.<\/div>\n<div><\/div>\n<div>Diese vertikalen Lagertanks aus hochwertigem Edelstahl und mit konformem Design dienen einer breiten Palette von industriellen Anwendungen in \u00dcbersee. In der Lebensmittel- und Pharmaindustrie sind die hochglanzpolierten, hygienischen Tanks ideal f\u00fcr die aseptische Lagerung von Milchprodukten, Fruchts\u00e4ften, Sirupen, biologischen Pr\u00e4paraten und pharmazeutischen Rohstoffen. Die glatten Innenw\u00e4nde erm\u00f6glichen eine einfache Reinigung und erf\u00fcllen die GMP-Anforderungen f\u00fcr eine saubere Produktion.<\/div>\n<div><\/div>\n<div>In der Petrochemie lagern Tanks aus Edelstahl 316L sicher korrosive Medien wie organische L\u00f6sungsmittel, S\u00e4ure-Base-Reagenzien und Erd\u00f6lprodukte und bieten eine hervorragende Druck- und Korrosionsbest\u00e4ndigkeit. Bei kommunalen Wasseraufbereitungs- und Meerwasserentsalzungsprojekten zeichnen sich die Tanks durch ihre Korrosionsbest\u00e4ndigkeit gegen\u00fcber Chloridionen aus und werden f\u00fcr die Lagerung von gereinigtem Wasser, aufbereitetem Wasser und Wasseraufbereitungschemikalien verwendet. F\u00fcr die neue Energieindustrie sind ma\u00dfgeschneiderte druckfeste und isolierte Modelle f\u00fcr die geschlossene Lagerung von Biodiesel, Elektrolyten und Energiespeichermedien erh\u00e4ltlich, die sich an die besonderen Arbeitsbedingungen neuer Energieprojekte anpassen.<\/div>\n<div><\/div>\n<div>Von der standardisierten Installation und der vollst\u00e4ndigen internationalen Konformit\u00e4t bis hin zur kundenspezifischen Anpassungsf\u00e4higkeit in verschiedenen Szenarien - unsere vertikalen Lagertanks aus Edelstahl basieren auf den Kernkompetenzen Sicherheit, Langlebigkeit und Konformit\u00e4t mit gesetzlichen Vorschriften. Sie erf\u00fcllen die vielf\u00e4ltigen Lageranforderungen globaler Kunden, liefern stabile und effiziente Lagerl\u00f6sungen f\u00fcr verschiedene Industrieprojekte in \u00dcbersee und gew\u00e4hrleisten einen zuverl\u00e4ssigen Langzeitbetrieb mit niedrigeren Betriebskosten \u00fcber die gesamte Lebensdauer.<\/div>","protected":false},"excerpt":{"rendered":"<p>Vertikaler Lagertank aus Edelstahl - gebaut nach internationalen Standards, einschlie\u00dflich <strong>API 650, EN 14015, ASME, FDA und PED<\/strong>. Featuring professional on-site installation with foundation preparation, welding, NDT, hydrostatic and air tightness testing. Widely used in food &amp; beverage, pharmacy, petrochemical, water treatment and new energy industries, delivering corrosion-resistant, safe and long-lasting liquid storage for global applications.<\/p>","protected":false},"featured_media":1391,"comment_status":"open","ping_status":"closed","template":"","meta":{"_acf_changed":false},"product_brand":[],"product_cat":[43],"product_tag":[],"class_list":{"0":"post-1390","1":"product","2":"type-product","3":"status-publish","4":"has-post-thumbnail","6":"product_cat-vertical-storage-tank-installation","8":"first","9":"instock","10":"shipping-taxable","11":"product-type-simple"},"acf":[],"_links":{"self":[{"href":"https:\/\/www.shijievt.com\/de\/wp-json\/wp\/v2\/product\/1390","targetHints":{"allow":["GET"]}}],"collection":[{"href":"https:\/\/www.shijievt.com\/de\/wp-json\/wp\/v2\/product"}],"about":[{"href":"https:\/\/www.shijievt.com\/de\/wp-json\/wp\/v2\/types\/product"}],"replies":[{"embeddable":true,"href":"https:\/\/www.shijievt.com\/de\/wp-json\/wp\/v2\/comments?post=1390"}],"wp:featuredmedia":[{"embeddable":true,"href":"https:\/\/www.shijievt.com\/de\/wp-json\/wp\/v2\/media\/1391"}],"wp:attachment":[{"href":"https:\/\/www.shijievt.com\/de\/wp-json\/wp\/v2\/media?parent=1390"}],"wp:term":[{"taxonomy":"product_brand","embeddable":true,"href":"https:\/\/www.shijievt.com\/de\/wp-json\/wp\/v2\/product_brand?post=1390"},{"taxonomy":"product_cat","embeddable":true,"href":"https:\/\/www.shijievt.com\/de\/wp-json\/wp\/v2\/product_cat?post=1390"},{"taxonomy":"product_tag","embeddable":true,"href":"https:\/\/www.shijievt.com\/de\/wp-json\/wp\/v2\/product_tag?post=1390"}],"curies":[{"name":"wp","href":"https:\/\/api.w.org\/{rel}","templated":true}]}}