{"id":1422,"date":"2026-02-04T08:11:25","date_gmt":"2026-02-04T08:11:25","guid":{"rendered":"https:\/\/www.shijievt.com\/?post_type=product&#038;p=1422"},"modified":"2026-02-05T01:23:05","modified_gmt":"2026-02-05T01:23:05","slug":"steel-silo-easy-installation-wide-application","status":"publish","type":"product","link":"https:\/\/www.shijievt.com\/es\/producto\/steel-silo-easy-installation-wide-application\/","title":{"rendered":"Silo de acero - F\u00e1cil instalaci\u00f3n y amplia aplicaci\u00f3n"},"content":{"rendered":"<div>\n<p><span dir=\"auto\" style=\"vertical-align: inherit;\"><span dir=\"auto\" style=\"vertical-align: inherit;\">\u94a2\u7b52\u4ed3\u91c7\u7528\u9ad8\u5f3a\u5ea6\u9540\u950c\u6ce2\u7eb9\u94a2\u6216\u5408\u91d1\u677f\u5b9a\u5236\u5236\u9020\uff0c\u5177\u6709\u7ed3\u6784\u7a33\u5b9a\u3001\u5bc6\u5c01\u6027\u80fd\u4f18\u5f02\u3001\u9632\u6f6e\u3001\u9632\u8150\u8680\u3001\u9632\u9709\u548c\u53ef\u63a7\u901a\u98ce\u7b49\u7279\u70b9\u3002<\/span><\/span><\/p>\n<div><\/div>\n<p><span dir=\"auto\" style=\"vertical-align: inherit;\"><span dir=\"auto\" style=\"vertical-align: inherit;\">\u4e0e\u4f20\u7edf\u6df7\u51dd\u571f\u7b52\u4ed3\u76f8\u6bd4\uff0c\u5b83\u4eec\u91cd\u91cf\u66f4\u8f7b\u3001\u5360\u5730\u9762\u79ef\u66f4\u5c0f\u3001\u6210\u672c\u66f4\u4f4e\u3001\u5de5\u671f\u66f4\u77ed\u3002\u7b52\u4ed3\u5bb9\u79ef\u548c\u5e03\u5c40\u53ef\u6839\u636e\u9700\u6c42\u5b9a\u5236\uff0c\u9002\u7528\u4e8e\u5927\u89c4\u6a21\u6563\u88c5\u7269\u6599\u7684\u50a8\u5b58\u548c\u5468\u8f6c\uff0c\u4f7f\u5176\u6210\u4e3a\u73b0\u4ee3\u519c\u4e1a\u548c\u5de5\u4e1a\u7684\u4e3b\u6d41\u50a8\u5b58\u8bbe\u5907\u3002<\/span><\/span><\/p>\n<\/div>\n<div><\/div>\n<h2><span dir=\"auto\" style=\"vertical-align: inherit;\"><span dir=\"auto\" style=\"vertical-align: inherit;\">\u5b89\u88c5\u8fc7\u7a0b<\/span><\/span><\/h2>\n<div><\/div>\n<div>\n<p><span dir=\"auto\" style=\"vertical-align: inherit;\"><span dir=\"auto\" style=\"vertical-align: inherit;\">\u94a2\u7b52\u4ed3\u91c7\u7528\u9884\u5236\u6a21\u5757\u5316\u7ec4\u4ef6\u8fdb\u884c\u73b0\u573a\u7ec4\u88c5\u65bd\u5de5\uff0c\u5b89\u88c5\u8fc7\u7a0b\u9ad8\u6548\u4e14\u6807\u51c6\u5316\u3002<\/span><\/span><\/p>\n<div><\/div>\n<p><span dir=\"auto\" style=\"vertical-align: inherit;\"><span dir=\"auto\" style=\"vertical-align: inherit;\">\u9996\u5148\uff0c\u5b8c\u6210\u573a\u5730\u5730\u8d28\u52d8\u6d4b\u548c\u5730\u57fa\u52a0\u56fa\/\u9632\u6e17\u5904\u7406\uff0c\u786e\u4fdd\u5730\u57fa\u627f\u8f7d\u529b\u7b26\u5408\u6807\u51c6\u3002\u7136\u540e\uff0c\u5bf9\u9884\u5236\u5e95\u5ea7\u8fdb\u884c\u62fc\u63a5\u548c\u56fa\u5b9a\uff0c\u5e76\u505a\u597d\u5bc6\u5c01\uff0c\u63a5\u7740\u81ea\u4e0b\u800c\u4e0a\u9010\u5c42\u7ec4\u88c5\u6ce2\u7eb9\u677f\u3001\u94a2\u7b4b\u67f1\u548c\u73af\u6881\u3002<\/span><\/span><\/p>\n<div><\/div>\n<p><span dir=\"auto\" style=\"vertical-align: inherit;\"><span dir=\"auto\" style=\"vertical-align: inherit;\">\u7b52\u4ed3\u9876\u76d6\u3001\u901a\u98ce\u7cfb\u7edf\u3001\u8fdb\u6599\u548c\u51fa\u6599\u88c5\u7f6e\u540c\u6b65\u5b89\u88c5\u3002\u6700\u540e\uff0c\u8fdb\u884c\u6574\u4f53\u5bc6\u5c01\u6027\u68c0\u67e5\u548c\u7ed3\u6784\u9a8c\u8bc1\u3002\u7b52\u4ed3\u9700\u7ecf\u4e13\u4e1a\u56e2\u961f\u8c03\u8bd5\u540e\u65b9\u53ef\u6295\u5165\u4f7f\u7528\u3002<\/span><\/span><\/p>\n<\/div>\n<div><\/div>\n<h2><span dir=\"auto\" style=\"vertical-align: inherit;\"><span dir=\"auto\" style=\"vertical-align: inherit;\">\u5e94\u7528\u573a\u666f<\/span><\/span><\/h2>\n<div><\/div>\n<div>\n<p><span dir=\"auto\" style=\"vertical-align: inherit;\"><span dir=\"auto\" style=\"vertical-align: inherit;\">\u94a2\u7b52\u4ed3\u4e3b\u8981\u7528\u4e8e\u5bc6\u5c01\u50a8\u5b58\u9897\u7c92\u72b6\u548c\u7c89\u72b6\u6563\u88c5\u7269\u6599\uff0c\u5e94\u7528\u8303\u56f4\u5e7f\u6cdb\u3002<\/span><\/span><\/p>\n<div><\/div>\n<p><span dir=\"auto\" style=\"vertical-align: inherit;\"><span dir=\"auto\" style=\"vertical-align: inherit;\">\u5728\u519c\u4e1a\u9886\u57df\uff0c\u5b83\u4eec\u7528\u4e8e\u50a8\u5b58\u548c\u4fdd\u9c9c\u7cae\u98df\u4f5c\u7269\uff08\u5c0f\u9ea6\u3001\u7389\u7c73\u3001\u6c34\u7a3b\u3001\u5927\u8c46\uff09\u3001\u6cb9\u6599\u4f5c\u7269\u548c\u9972\u6599\u3002\u5728\u5de5\u4e1a\u9886\u57df\uff0c\u5b83\u4eec\u7528\u4e8e\u96c6\u4e2d\u50a8\u5b58\u6c34\u6ce5\u3001\u7c89\u7164\u7070\u3001\u77ff\u7269\u7c89\u672b\u3001\u5316\u5de5\u539f\u6599\u3001\u751f\u7269\u8d28\u71c3\u6599\u548c\u5176\u4ed6\u5de5\u4e1a\u7c89\u672b\u3002<\/span><\/span><\/p>\n<div><\/div>\n<p><span dir=\"auto\" style=\"vertical-align: inherit;\"><span dir=\"auto\" style=\"vertical-align: inherit;\">\u5b83\u4eec\u4e5f\u9002\u7528\u4e8e\u7269\u6d41\u914d\u9001\u4e2d\u5fc3\u3001\u6e2f\u53e3\u7801\u5934\u3001\u7cae\u98df\u548c\u77f3\u6cb9\u52a0\u5de5\u3001\u5efa\u7b51\u6750\u6599\u751f\u4ea7\u3001\u73af\u4fdd\u56fa\u4f53\u5e9f\u7269\u5904\u7406\u7b49\u884c\u4e1a\uff0c\u65e2\u80fd\u6ee1\u8db3\u957f\u671f\u5b58\u50a8\u9700\u6c42\uff0c\u53c8\u80fd\u6ee1\u8db3\u52a8\u6001\u5468\u8f6c\u9700\u6c42\u3002<\/span><\/span><\/p>\n<\/div>","protected":false},"excerpt":{"rendered":"<div>\n<div>\n<div>\n<div>\n<div>\n<div>\n<div>\n<div>\n<div>\n<div>\n<div>\n<div>\n<div dir=\"ltr\">\n<div>\n<p>Steel silos are made of high-strength galvanized corrugated steel, featuring solid structure, sealed &amp; moisture-proof design and high storage efficiency.<\/p>\n<div><\/div>\n<p>With modular assembly installation, the silo body and supporting equipment can be assembled rapidly after foundation treatment, and put into use after inspection and commissioning.<\/p>\n<div><\/div>\n<p>Suitable for storing bulk materials such as grain, feed, cement and fly ash, covering agriculture, building materials, chemical industry, logistics and other fields.<\/p>\n<\/div>\n<\/div>\n<\/div>\n<\/div>\n<\/div>\n<\/div>\n<\/div>\n<\/div>\n<\/div>\n<\/div>\n<\/div>\n<\/div>\n<\/div>\n<\/div>","protected":false},"featured_media":1441,"comment_status":"open","ping_status":"closed","template":"","meta":{"_acf_changed":false},"product_brand":[],"product_cat":[43],"product_tag":[],"class_list":{"0":"post-1422","1":"product","2":"type-product","3":"status-publish","4":"has-post-thumbnail","6":"product_cat-vertical-storage-tank-installation","8":"first","9":"instock","10":"shipping-taxable","11":"product-type-simple"},"acf":[],"_links":{"self":[{"href":"https:\/\/www.shijievt.com\/es\/wp-json\/wp\/v2\/product\/1422","targetHints":{"allow":["GET"]}}],"collection":[{"href":"https:\/\/www.shijievt.com\/es\/wp-json\/wp\/v2\/product"}],"about":[{"href":"https:\/\/www.shijievt.com\/es\/wp-json\/wp\/v2\/types\/product"}],"replies":[{"embeddable":true,"href":"https:\/\/www.shijievt.com\/es\/wp-json\/wp\/v2\/comments?post=1422"}],"wp:featuredmedia":[{"embeddable":true,"href":"https:\/\/www.shijievt.com\/es\/wp-json\/wp\/v2\/media\/1441"}],"wp:attachment":[{"href":"https:\/\/www.shijievt.com\/es\/wp-json\/wp\/v2\/media?parent=1422"}],"wp:term":[{"taxonomy":"product_brand","embeddable":true,"href":"https:\/\/www.shijievt.com\/es\/wp-json\/wp\/v2\/product_brand?post=1422"},{"taxonomy":"product_cat","embeddable":true,"href":"https:\/\/www.shijievt.com\/es\/wp-json\/wp\/v2\/product_cat?post=1422"},{"taxonomy":"product_tag","embeddable":true,"href":"https:\/\/www.shijievt.com\/es\/wp-json\/wp\/v2\/product_tag?post=1422"}],"curies":[{"name":"wp","href":"https:\/\/api.w.org\/{rel}","templated":true}]}}