{"id":416,"date":"2026-01-14T02:44:30","date_gmt":"2026-01-14T02:44:30","guid":{"rendered":"https:\/\/an991a9hy4.onrocket.site\/?post_type=product&#038;p=416"},"modified":"2026-01-21T09:06:47","modified_gmt":"2026-01-21T09:06:47","slug":"stainless-steel-storage-tank","status":"publish","type":"product","link":"https:\/\/www.shijievt.com\/fr\/produit\/stainless-steel-storage-tank\/","title":{"rendered":"R\u00e9servoir de stockage en acier inoxydable"},"content":{"rendered":"<p class=\"ds-markdown-paragraph\">Les r\u00e9servoirs de stockage en acier inoxydable sont fabriqu\u00e9s \u00e0 partir de mati\u00e8res premi\u00e8res telles que l'acier inoxydable 304, 316 et autres. Ils peuvent \u00eatre divis\u00e9s en r\u00e9servoirs verticaux et r\u00e9servoirs. Ils peuvent r\u00e9sister \u00e0 une pression plus \u00e9lev\u00e9e et \u00e0 la corrosion, ont d'excellentes performances d'\u00e9tanch\u00e9it\u00e9 et sont soumis \u00e0 des exigences technologiques de fabrication \u00e9lev\u00e9es, telles que le soudage \u00e0 l'arc \u00e0 l'argon, la plaque miroir, le polissage de haute pr\u00e9cision, etc. Par cons\u00e9quent, les r\u00e9servoirs en acier inoxydable sont principalement utilis\u00e9s pour stocker et transporter des aliments, des m\u00e9dicaments, des produits laitiers, de l'alcool, etc. Ils sont largement utilis\u00e9s dans les entreprises p\u00e9trochimiques, en particulier dans l'industrie de la chimie fine. Les r\u00e9servoirs en acier inoxydable comprennent les r\u00e9servoirs de dosage, les r\u00e9servoirs de pr\u00e9paration concentr\u00e9e, les r\u00e9servoirs de pr\u00e9paration dilu\u00e9e, les r\u00e9servoirs d'extraction, les r\u00e9servoirs de r\u00e9action, les r\u00e9servoirs de liquide, les r\u00e9servoirs de m\u00e9lange, les r\u00e9servoirs de semences et les r\u00e9servoirs d'acide nitrique ; les r\u00e9servoirs d'huile en acier inoxydable, les r\u00e9servoirs de transport, les r\u00e9servoirs de refroidissement, les r\u00e9servoirs d'isolation thermique, les r\u00e9servoirs d'\u00e9change de chaleur, les r\u00e9servoirs tampons, les silos, les cuves sous pression, etc. sont utilis\u00e9s dans l'industrie p\u00e9trochimique.<\/p>","protected":false},"excerpt":{"rendered":"<p>Stainless steel storage tanks are mostly used for storing and transporting food, pharmaceuticals, dairy products, and alcoholic beverages. They are also widely used in petrochemical enterprises, especially in the fine chemical industry. Stainless steel storage tanks include mixing tanks, concentration tanks, dilution tanks, extraction tanks, reaction tanks, liquid storage tanks, stirring tanks, seed tanks, and nitric acid tanks. In the petrochemical industry, stainless steel tanks are used as oil storage tanks, transport tanks, cooling tanks, insulated tanks, heat exchange tanks, buffer tanks, silos, and pressure vessels, among others.<\/p>","protected":false},"featured_media":417,"comment_status":"open","ping_status":"closed","template":"","meta":{"_acf_changed":false},"product_brand":[],"product_cat":[17],"product_tag":[],"class_list":{"0":"post-416","1":"product","2":"type-product","3":"status-publish","4":"has-post-thumbnail","6":"product_cat-uncategorized","8":"first","9":"instock","10":"shipping-taxable","11":"product-type-simple"},"acf":[],"_links":{"self":[{"href":"https:\/\/www.shijievt.com\/fr\/wp-json\/wp\/v2\/product\/416","targetHints":{"allow":["GET"]}}],"collection":[{"href":"https:\/\/www.shijievt.com\/fr\/wp-json\/wp\/v2\/product"}],"about":[{"href":"https:\/\/www.shijievt.com\/fr\/wp-json\/wp\/v2\/types\/product"}],"replies":[{"embeddable":true,"href":"https:\/\/www.shijievt.com\/fr\/wp-json\/wp\/v2\/comments?post=416"}],"wp:featuredmedia":[{"embeddable":true,"href":"https:\/\/www.shijievt.com\/fr\/wp-json\/wp\/v2\/media\/417"}],"wp:attachment":[{"href":"https:\/\/www.shijievt.com\/fr\/wp-json\/wp\/v2\/media?parent=416"}],"wp:term":[{"taxonomy":"product_brand","embeddable":true,"href":"https:\/\/www.shijievt.com\/fr\/wp-json\/wp\/v2\/product_brand?post=416"},{"taxonomy":"product_cat","embeddable":true,"href":"https:\/\/www.shijievt.com\/fr\/wp-json\/wp\/v2\/product_cat?post=416"},{"taxonomy":"product_tag","embeddable":true,"href":"https:\/\/www.shijievt.com\/fr\/wp-json\/wp\/v2\/product_tag?post=416"}],"curies":[{"name":"wp","href":"https:\/\/api.w.org\/{rel}","templated":true}]}}